{"id":31,"date":"2020-01-17T16:08:28","date_gmt":"2020-01-17T16:08:28","guid":{"rendered":"https:\/\/schmid-faeka.de\/wordpress\/?page_id=31"},"modified":"2021-09-27T17:57:44","modified_gmt":"2021-09-27T17:57:44","slug":"tv-kanalinspektion","status":"publish","type":"page","link":"https:\/\/schmid-faeka.de\/?page_id=31","title":{"rendered":"TV-Kanaluntersuchung bzw. Kanalinspektion"},"content":{"rendered":"\n<div class=\"wp-block-image\"><figure class=\"alignright size-medium\"><img loading=\"lazy\" decoding=\"async\" width=\"230\" height=\"300\" src=\"https:\/\/schmid-faeka.de\/wp-content\/uploads\/2021\/09\/TVKanalinspektion-785x1024-1-230x300.png\" alt=\"\" class=\"wp-image-214\" srcset=\"https:\/\/schmid-faeka.de\/wp-content\/uploads\/2021\/09\/TVKanalinspektion-785x1024-1-230x300.png 230w, https:\/\/schmid-faeka.de\/wp-content\/uploads\/2021\/09\/TVKanalinspektion-785x1024-1-768x1002.png 768w, https:\/\/schmid-faeka.de\/wp-content\/uploads\/2021\/09\/TVKanalinspektion-785x1024-1.png 785w\" sizes=\"auto, (max-width: 230px) 100vw, 230px\" \/><\/figure><\/div>\n\n\n\n<p>Ob Bestandsaufnahme oder einfach nur\nZustandskontrolle, Ursachenforschung f\u00fcr St\u00f6rungen oder das Aufsp\u00fcren von\nRohrleitungen, bzw. deren Leitungsverlauf.<\/p>\n\n\n\n<p>Wir untersuchen Ihre Rohre!<\/p>\n\n\n\n<p>Unser Kamerafahrzeug verf\u00fcgt \u00fcber eine\nselbstfahrende Farbfernsehanlage und eine Satellitenkamera. Diese Ger\u00e4te sind\nin der Lage Kanalabzweige von der Hauptleitung aus zu befahren und erm\u00f6glichen\ndie Untersuchung kompletter Abwassersysteme auf Sch\u00e4den. Unsere Ortungsger\u00e4te\nfinden problemlos versteckte Leitungen.<\/p>\n\n\n\n<p>Direkt nach den Arbeiten erhalten Sie eine\nCD, DVD oder Video-, Fotodokumentation des Rohrsystems.<\/p>\n\n\n\n<p><\/p>\n\n\n\n<div class=\"wp-block-button\"><a class=\"wp-block-button__link has-background no-border-radius\" href=\"javascript:history.back();\" style=\"background-color:#0071a1\">Zur\u00fcck<\/a><\/div>\n","protected":false},"excerpt":{"rendered":"<p>Ob Bestandsaufnahme oder einfach nur Zustandskontrolle, Ursachenforschung f\u00fcr St\u00f6rungen oder das Aufsp\u00fcren von Rohrleitungen, bzw. deren Leitungsverlauf. Wir untersuchen Ihre Rohre! Unser Kamerafahrzeug verf\u00fcgt \u00fcber eine selbstfahrende Farbfernsehanlage und eine &#8230;<\/p>\n","protected":false},"author":1,"featured_media":0,"parent":0,"menu_order":0,"comment_status":"closed","ping_status":"closed","template":"template-fullwidth.php","meta":{"footnotes":""},"class_list":["post-31","page","type-page","status-publish","hentry"],"_links":{"self":[{"href":"https:\/\/schmid-faeka.de\/index.php?rest_route=\/wp\/v2\/pages\/31","targetHints":{"allow":["GET"]}}],"collection":[{"href":"https:\/\/schmid-faeka.de\/index.php?rest_route=\/wp\/v2\/pages"}],"about":[{"href":"https:\/\/schmid-faeka.de\/index.php?rest_route=\/wp\/v2\/types\/page"}],"author":[{"embeddable":true,"href":"https:\/\/schmid-faeka.de\/index.php?rest_route=\/wp\/v2\/users\/1"}],"replies":[{"embeddable":true,"href":"https:\/\/schmid-faeka.de\/index.php?rest_route=%2Fwp%2Fv2%2Fcomments&post=31"}],"version-history":[{"count":6,"href":"https:\/\/schmid-faeka.de\/index.php?rest_route=\/wp\/v2\/pages\/31\/revisions"}],"predecessor-version":[{"id":216,"href":"https:\/\/schmid-faeka.de\/index.php?rest_route=\/wp\/v2\/pages\/31\/revisions\/216"}],"wp:attachment":[{"href":"https:\/\/schmid-faeka.de\/index.php?rest_route=%2Fwp%2Fv2%2Fmedia&parent=31"}],"curies":[{"name":"wp","href":"https:\/\/api.w.org\/{rel}","templated":true}]}}