{"id":38,"date":"2020-01-19T14:01:32","date_gmt":"2020-01-19T14:01:32","guid":{"rendered":"https:\/\/schmid-faeka.de\/wordpress\/?page_id=38"},"modified":"2020-02-01T15:13:13","modified_gmt":"2020-02-01T15:13:13","slug":"reinigung-von-sickerschaechten","status":"publish","type":"page","link":"https:\/\/schmid-faeka.de\/?page_id=38","title":{"rendered":"Schachtinspektion"},"content":{"rendered":"\n<div class=\"wp-block-image\"><figure class=\"alignright size-large is-resized\"><img loading=\"lazy\" decoding=\"async\" src=\"https:\/\/schmid-faeka.de\/wordpress\/wp-content\/uploads\/2020\/01\/Sickerschaechte-1024x683.png\" alt=\"Reinigung von Sickersch\u00e4chten\" class=\"wp-image-40\" width=\"512\" height=\"342\" srcset=\"https:\/\/schmid-faeka.de\/wp-content\/uploads\/2020\/01\/Sickerschaechte-1024x683.png 1024w, https:\/\/schmid-faeka.de\/wp-content\/uploads\/2020\/01\/Sickerschaechte-300x200.png 300w, https:\/\/schmid-faeka.de\/wp-content\/uploads\/2020\/01\/Sickerschaechte-768x512.png 768w, https:\/\/schmid-faeka.de\/wp-content\/uploads\/2020\/01\/Sickerschaechte.png 1200w\" sizes=\"auto, (max-width: 512px) 100vw, 512px\" \/><\/figure><\/div>\n\n\n\n<p>Hohe Produktivit\u00e4t und gute Bildqualit\u00e4t sind entscheidend f\u00fcr die\nSchachtinspektion.<\/p>\n\n\n\n<p>Die 5 hochaufl\u00f6senden Kameras und die ausgefeilte Beleuchtung erzeugen\nsowohl ein Live-Video als auch hochaufl\u00f6sende Bilder zur Darstellung der\nAbwicklung. Diese Bildqualit\u00e4t erm\u00f6glicht dem Betrachter schnell und einfach,\nevtl. Sch\u00e4den, Infiltrationen und auch bisher nicht bekannte Bauteile zu\nerkennen. Durch ausgekl\u00fcgelte Messfunktionen des WinCan-CleverScan-Moduls\nk\u00f6nnen diese entsprechend gekennzeichnet werden. Mit geringem Aufwand kann so\nein detaillierter und aussagekr\u00e4ftiger Inspektionsbericht erstellt werden.<\/p>\n\n\n\n<div class=\"wp-block-button\"><a class=\"wp-block-button__link has-background no-border-radius\" href=\"javascript:history.back();\" style=\"background-color:#0071a1\">Zur\u00fcck<\/a><\/div>\n","protected":false},"excerpt":{"rendered":"<p>Hohe Produktivit\u00e4t und gute Bildqualit\u00e4t sind entscheidend f\u00fcr die Schachtinspektion. Die 5 hochaufl\u00f6senden Kameras und die ausgefeilte Beleuchtung erzeugen sowohl ein Live-Video als auch hochaufl\u00f6sende Bilder zur Darstellung der Abwicklung. &#8230;<\/p>\n","protected":false},"author":1,"featured_media":0,"parent":0,"menu_order":0,"comment_status":"closed","ping_status":"closed","template":"template-fullwidth.php","meta":{"footnotes":""},"class_list":["post-38","page","type-page","status-publish","hentry"],"_links":{"self":[{"href":"https:\/\/schmid-faeka.de\/index.php?rest_route=\/wp\/v2\/pages\/38","targetHints":{"allow":["GET"]}}],"collection":[{"href":"https:\/\/schmid-faeka.de\/index.php?rest_route=\/wp\/v2\/pages"}],"about":[{"href":"https:\/\/schmid-faeka.de\/index.php?rest_route=\/wp\/v2\/types\/page"}],"author":[{"embeddable":true,"href":"https:\/\/schmid-faeka.de\/index.php?rest_route=\/wp\/v2\/users\/1"}],"replies":[{"embeddable":true,"href":"https:\/\/schmid-faeka.de\/index.php?rest_route=%2Fwp%2Fv2%2Fcomments&post=38"}],"version-history":[{"count":5,"href":"https:\/\/schmid-faeka.de\/index.php?rest_route=\/wp\/v2\/pages\/38\/revisions"}],"predecessor-version":[{"id":137,"href":"https:\/\/schmid-faeka.de\/index.php?rest_route=\/wp\/v2\/pages\/38\/revisions\/137"}],"wp:attachment":[{"href":"https:\/\/schmid-faeka.de\/index.php?rest_route=%2Fwp%2Fv2%2Fmedia&parent=38"}],"curies":[{"name":"wp","href":"https:\/\/api.w.org\/{rel}","templated":true}]}}