{"id":42,"date":"2020-01-19T14:04:23","date_gmt":"2020-01-19T14:04:23","guid":{"rendered":"https:\/\/schmid-faeka.de\/wordpress\/?page_id=42"},"modified":"2020-02-01T15:09:24","modified_gmt":"2020-02-01T15:09:24","slug":"dichtheitspruefung-2","status":"publish","type":"page","link":"https:\/\/schmid-faeka.de\/?page_id=42","title":{"rendered":"Dichtheitspr\u00fcfung"},"content":{"rendered":"\n<div class=\"wp-block-image\"><figure class=\"alignright size-large is-resized\"><img loading=\"lazy\" decoding=\"async\" src=\"https:\/\/schmid-faeka.de\/wordpress\/wp-content\/uploads\/2020\/01\/Dichtheitspruefung1-1024x683.png\" alt=\"Dichtheitspr\u00fcfung\" class=\"wp-image-45\" width=\"512\" height=\"342\" srcset=\"https:\/\/schmid-faeka.de\/wp-content\/uploads\/2020\/01\/Dichtheitspruefung1-1024x683.png 1024w, https:\/\/schmid-faeka.de\/wp-content\/uploads\/2020\/01\/Dichtheitspruefung1-300x200.png 300w, https:\/\/schmid-faeka.de\/wp-content\/uploads\/2020\/01\/Dichtheitspruefung1-768x512.png 768w, https:\/\/schmid-faeka.de\/wp-content\/uploads\/2020\/01\/Dichtheitspruefung1.png 1200w\" sizes=\"auto, (max-width: 512px) 100vw, 512px\" \/><\/figure><\/div>\n\n\n\n<p>Bei der &#8222;Dichtheitspr\u00fcfung Kanal&#8220;\nwird die Dichtheit des Kanalsystems und der Abwasserleitungen kontrolliert.<\/p>\n\n\n\n<p>Abwasserleitungen m\u00fcssen dicht sein, damit\nkein Abwasser austritt, die Umwelt nicht belastet wird und kein Fremdwasser in\nden Kanal eintritt. Undichtigkeiten k\u00f6nnen durch Risse, undichte Muffen oder \u00e4hnliches\nentstehen. F\u00fcr die Dichtheit des Hausanschlusses tragen Grundst\u00fcckseigent\u00fcmer\ndie Verantwortung.<\/p>\n\n\n\n<p>Je nach Satzung der Gemeinde muss die\nDichtheitspr\u00fcfung die Abwasserleitungen bis zum Revisionsschacht, zur\nGrundst\u00fccksgrenze oder bis zum Hauptkanal umfassen.<\/p>\n\n\n\n<div class=\"wp-block-button\"><a class=\"wp-block-button__link has-background no-border-radius\" href=\"javascript:history.back();\" style=\"background-color:#0071a1\">Zur\u00fcck<\/a><\/div>\n","protected":false},"excerpt":{"rendered":"<p>Bei der &#8222;Dichtheitspr\u00fcfung Kanal&#8220; wird die Dichtheit des Kanalsystems und der Abwasserleitungen kontrolliert. Abwasserleitungen m\u00fcssen dicht sein, damit kein Abwasser austritt, die Umwelt nicht belastet wird und kein Fremdwasser in &#8230;<\/p>\n","protected":false},"author":1,"featured_media":0,"parent":0,"menu_order":0,"comment_status":"closed","ping_status":"closed","template":"template-fullwidth.php","meta":{"footnotes":""},"class_list":["post-42","page","type-page","status-publish","hentry"],"_links":{"self":[{"href":"https:\/\/schmid-faeka.de\/index.php?rest_route=\/wp\/v2\/pages\/42","targetHints":{"allow":["GET"]}}],"collection":[{"href":"https:\/\/schmid-faeka.de\/index.php?rest_route=\/wp\/v2\/pages"}],"about":[{"href":"https:\/\/schmid-faeka.de\/index.php?rest_route=\/wp\/v2\/types\/page"}],"author":[{"embeddable":true,"href":"https:\/\/schmid-faeka.de\/index.php?rest_route=\/wp\/v2\/users\/1"}],"replies":[{"embeddable":true,"href":"https:\/\/schmid-faeka.de\/index.php?rest_route=%2Fwp%2Fv2%2Fcomments&post=42"}],"version-history":[{"count":6,"href":"https:\/\/schmid-faeka.de\/index.php?rest_route=\/wp\/v2\/pages\/42\/revisions"}],"predecessor-version":[{"id":133,"href":"https:\/\/schmid-faeka.de\/index.php?rest_route=\/wp\/v2\/pages\/42\/revisions\/133"}],"wp:attachment":[{"href":"https:\/\/schmid-faeka.de\/index.php?rest_route=%2Fwp%2Fv2%2Fmedia&parent=42"}],"curies":[{"name":"wp","href":"https:\/\/api.w.org\/{rel}","templated":true}]}}