{"id":69,"date":"2020-01-23T18:32:46","date_gmt":"2020-01-23T18:32:46","guid":{"rendered":"https:\/\/schmid-faeka.de\/wordpress\/?page_id=69"},"modified":"2020-02-01T15:17:23","modified_gmt":"2020-02-01T15:17:23","slug":"kanalnebelung-mittels-hochleistungsnebelmaschine","status":"publish","type":"page","link":"https:\/\/schmid-faeka.de\/?page_id=69","title":{"rendered":"Kanalnebelung mittels Hochleistungsnebelmaschine"},"content":{"rendered":"\n<div class=\"wp-block-image\"><figure class=\"alignright size-large\"><img loading=\"lazy\" decoding=\"async\" width=\"782\" height=\"1024\" src=\"https:\/\/schmid-faeka.de\/wordpress\/wp-content\/uploads\/2020\/02\/Kanalnebelung-782x1024.png\" alt=\"\" class=\"wp-image-138\" srcset=\"https:\/\/schmid-faeka.de\/wp-content\/uploads\/2020\/02\/Kanalnebelung-782x1024.png 782w, https:\/\/schmid-faeka.de\/wp-content\/uploads\/2020\/02\/Kanalnebelung-229x300.png 229w, https:\/\/schmid-faeka.de\/wp-content\/uploads\/2020\/02\/Kanalnebelung-768x1006.png 768w, https:\/\/schmid-faeka.de\/wp-content\/uploads\/2020\/02\/Kanalnebelung.png 800w\" sizes=\"auto, (max-width: 782px) 100vw, 782px\" \/><\/figure><\/div>\n\n\n\n<p>\u201eKanalnebelungsaktionen\u201c durch diesen Test wird \u00fcberpr\u00fcft, ob\nSchmutz- und Regenwasser in den richtigen Kanal flie\u00dfen. Dazu wird durch\nst\u00e4dtische Kanalsch\u00e4chte Nebel (geruchlos, umwelt- und gesundheitsvertr\u00e4glich)\nin die Kanalisation eingeleitet. Er kommt an diversen \u00d6ffnungen wieder zum\nVorschein \u2013 etwa an Dachrinnen oder Bodeneinl\u00e4ufen.<\/p>\n\n\n\n<p>Als Nachweis von Fehlanschl\u00fcssen von privaten\nAnschlussleitungen ins \u00f6ffentliche Kanalnetz, wird von den Kommunen das\n\u201eNebeln\u201c herangezogen. Auch zur Lokalisierung von nicht bekannten Kanal-\/Rohrleitungen\nist das \u201eNebeln\u201c die optimale L\u00f6sung. Das Nebeln zeichnet sich durch seinen\ngeringen Zeitaufwand und Personaleinsatz aus. Die mittels Zusatzgebl\u00e4se\nregelbare Nebeldichte ist f\u00fcr die unterschiedlichsten Kanaldimensionen\nanzuwenden.<\/p>\n\n\n\n<div class=\"wp-block-button\"><a class=\"wp-block-button__link has-background no-border-radius\" href=\"javascript:history.back();\" style=\"background-color:#0071a1\">Zur\u00fcck<\/a><\/div>\n","protected":false},"excerpt":{"rendered":"<p>\u201eKanalnebelungsaktionen\u201c durch diesen Test wird \u00fcberpr\u00fcft, ob Schmutz- und Regenwasser in den richtigen Kanal flie\u00dfen. Dazu wird durch st\u00e4dtische Kanalsch\u00e4chte Nebel (geruchlos, umwelt- und gesundheitsvertr\u00e4glich) in die Kanalisation eingeleitet. Er &#8230;<\/p>\n","protected":false},"author":1,"featured_media":0,"parent":0,"menu_order":0,"comment_status":"closed","ping_status":"closed","template":"template-fullwidth.php","meta":{"footnotes":""},"class_list":["post-69","page","type-page","status-publish","hentry"],"_links":{"self":[{"href":"https:\/\/schmid-faeka.de\/index.php?rest_route=\/wp\/v2\/pages\/69","targetHints":{"allow":["GET"]}}],"collection":[{"href":"https:\/\/schmid-faeka.de\/index.php?rest_route=\/wp\/v2\/pages"}],"about":[{"href":"https:\/\/schmid-faeka.de\/index.php?rest_route=\/wp\/v2\/types\/page"}],"author":[{"embeddable":true,"href":"https:\/\/schmid-faeka.de\/index.php?rest_route=\/wp\/v2\/users\/1"}],"replies":[{"embeddable":true,"href":"https:\/\/schmid-faeka.de\/index.php?rest_route=%2Fwp%2Fv2%2Fcomments&post=69"}],"version-history":[{"count":4,"href":"https:\/\/schmid-faeka.de\/index.php?rest_route=\/wp\/v2\/pages\/69\/revisions"}],"predecessor-version":[{"id":141,"href":"https:\/\/schmid-faeka.de\/index.php?rest_route=\/wp\/v2\/pages\/69\/revisions\/141"}],"wp:attachment":[{"href":"https:\/\/schmid-faeka.de\/index.php?rest_route=%2Fwp%2Fv2%2Fmedia&parent=69"}],"curies":[{"name":"wp","href":"https:\/\/api.w.org\/{rel}","templated":true}]}}